{"id":378,"date":"2023-02-01T14:05:30","date_gmt":"2023-02-01T14:05:30","guid":{"rendered":"https:\/\/www.elygeregalos.cl\/?post_type=product&#038;p=378"},"modified":"2025-07-13T10:57:55","modified_gmt":"2025-07-13T10:57:55","slug":"joyero-espejito","status":"publish","type":"product","link":"https:\/\/www.elygeregalos.cl\/index.php\/producto\/joyero-espejito\/","title":{"rendered":"Joyero Espejito"},"content":{"rendered":"<p>Joyero con espejo<\/p>\n","protected":false},"excerpt":{"rendered":"<p>Este joyero espejo tiene 2 funciones, servir\u00e1 para guardar joyas y la tapa del joyero es el espejo que tambi\u00e9n servir\u00e1 como espejo bolsillo para que lo lleves contigo a todos lados.<\/p>\n<p>Medida del joyero 7cm de alto.<\/p>\n<p>Medida del espejo 7cm de di\u00e1metro.<\/p>\n<p>Incluye grabado del nombre de la persona celebrada.<\/p>\n","protected":false},"featured_media":379,"comment_status":"open","ping_status":"closed","template":"","meta":{"spay_email":"","jetpack_publicize_message":"","jetpack_is_tweetstorm":false,"jetpack_publicize_feature_enabled":true},"product_cat":[15],"product_tag":[],"class_list":["post-378","product","type-product","status-publish","has-post-thumbnail","hentry","product_cat-sin-categorizar"],"_links":{"self":[{"href":"https:\/\/www.elygeregalos.cl\/index.php\/wp-json\/wp\/v2\/product\/378"}],"collection":[{"href":"https:\/\/www.elygeregalos.cl\/index.php\/wp-json\/wp\/v2\/product"}],"about":[{"href":"https:\/\/www.elygeregalos.cl\/index.php\/wp-json\/wp\/v2\/types\/product"}],"replies":[{"embeddable":true,"href":"https:\/\/www.elygeregalos.cl\/index.php\/wp-json\/wp\/v2\/comments?post=378"}],"wp:featuredmedia":[{"embeddable":true,"href":"https:\/\/www.elygeregalos.cl\/index.php\/wp-json\/wp\/v2\/media\/379"}],"wp:attachment":[{"href":"https:\/\/www.elygeregalos.cl\/index.php\/wp-json\/wp\/v2\/media?parent=378"}],"wp:term":[{"taxonomy":"product_cat","embeddable":true,"href":"https:\/\/www.elygeregalos.cl\/index.php\/wp-json\/wp\/v2\/product_cat?post=378"},{"taxonomy":"product_tag","embeddable":true,"href":"https:\/\/www.elygeregalos.cl\/index.php\/wp-json\/wp\/v2\/product_tag?post=378"}],"curies":[{"name":"wp","href":"https:\/\/api.w.org\/{rel}","templated":true}]}}